{"id":182,"date":"2017-01-12T11:18:44","date_gmt":"2017-01-12T11:18:44","guid":{"rendered":"http:\/\/fsdriving.themerex.net\/?page_id=182"},"modified":"2025-09-24T04:17:48","modified_gmt":"2025-09-24T04:17:48","slug":"faq","status":"publish","type":"page","link":"https:\/\/www.autoskola-petra.cz\/index.php\/faq\/","title":{"rendered":"FAQ"},"content":{"rendered":"<p>[vc_row css=&#8220;.vc_custom_1642887387524{margin-top: 4em !important;}&#8220;][vc_column][vc_toggle title=&#8220;Kolik mi mus\u00ed b\u00fdt abych mohl\/a j\u00edt do auto\u0161koly?&#8220; el_id=&#8220;1484502542138-221cc31c-7f90&#8243;]Kurz m\u016f\u017ee za\u010d\u00edt rok a p\u016fl p\u0159ed dovr\u0161en\u00edm z\u00e1konem dan\u00e9 hranice pro skupinu &#8222;B&#8220; tj. 18 let.[\/vc_toggle][vc_toggle title=&#8220;Kolik hodin mus\u00edm od\u0159\u00eddit?&#8220; el_id=&#8220;1484502895929-562987d8-16ee&#8220;]Od\u0159\u00eddit mus\u00ed\u0161 28 vyu\u010dovac\u00edch hodin (28 x 45min.). Jezd\u00ed se obvykle dv\u011b vyu\u010dovac\u00ed hodiny v kuse, tj. 90 minut. Na konci kurzu lze spojit v\u00edce v\u00fdcvikov\u00fdch hodin. Pokud by ti tyto j\u00edzdy nesta\u010dily a ty ses nec\u00edtil ke zkou\u0161ce, v j\u00edzd\u00e1ch lze pokra\u010dovat.[\/vc_toggle][vc_toggle title=&#8220;Kdy po z\u00e1pisu mohu za\u010d\u00edt?&#8220; el_id=&#8220;1484502984305-a3f05341-209d&#8220;]Po dod\u00e1n\u00ed doklad\u016f: \u201e\u017e\u00e1dost o p\u0159ijet\u00ed v\u00fduce a v\u00fdcviku\u201c (p\u0159ihl\u00e1\u0161ka do auto\u0161koly) a \u201eposudku o zdravotn\u00ed zp\u016fsobilosti\u201c (potvrzen\u00ed od l\u00e9ka\u0159e) jsi za\u0159azen\/a do kurzu. V\u011bt\u0161inou zahajujeme kurzy 2x m\u011bs\u00ed\u010dn\u011b, dle kapacity auto\u0161koly.[\/vc_toggle][vc_toggle title=&#8220;Kdy mohu j\u00edt na zkou\u0161ku?&#8220; el_id=&#8220;1484503005525-47717396-4778&#8243;]Na zkou\u0161ku m\u016f\u017ee\u0161 j\u00edt po odjet\u00ed v\u0161ech j\u00edzd a dovr\u0161en\u00ed 18 let.[\/vc_toggle][vc_toggle title=&#8220;Jak prob\u00edh\u00e1 teoretick\u00e1 v\u00fduka?&#8220;]Na\u0161e auto\u0161kola zahajuje individu\u00e1ln\u00ed kurzy. Teoretick\u00e9 hodiny, kter\u00e9 by m\u011bly prob\u00edhat formou konzultac\u00ed, jsou v\u017edy vyv\u011b\u0161en\u00e9 na FB str\u00e1nk\u00e1ch auto\u0161koly. V p\u0159\u00edpad\u011b pot\u0159eby se m\u016f\u017eeme na konzultac\u00edch domluvit i jinak.[\/vc_toggle][vc_toggle title=&#8220;Jak prob\u00edh\u00e1 zkou\u0161ka?&#8220;]<\/p>\n<div>Zkou\u0161ka se skl\u00e1d\u00e1 ze 3 \u010d\u00e1st\u00ed:<\/div>\n<div>1) Teoretick\u00e1: zvl\u00e1dnut\u00ed testu z pravidel provozu (na PC)<\/div>\n<div>2) \u00dadr\u017eba vozidla<\/div>\n<div>3) Praktick\u00e1 j\u00edzda<\/div>\n<div>Ke zkou\u0161ce v na\u0161\u00ed auto\u0161kole jdete v\u017edy ve vozidle, kter\u00e9 zn\u00e1te a v\u017edy s u\u010ditelem, se kter\u00fdm jste podstoupili v\u00fdcvik.<\/div>\n<p>[\/vc_toggle][vc_toggle title=&#8220;Jak\u00e1 je cena kurzu?&#8220;]Aktu\u00e1ln\u00ed cen\u00edk najdete na webov\u00fdch str\u00e1nk\u00e1ch v sekci \u201e\u00davod\u201c. Kurz lze hradit v p\u0159\u00edpad\u011b domluvy na 2x (bez nav\u00fd\u0161en\u00ed ceny).[\/vc_toggle][vc_empty_space alter_height=&#8220;medium&#8220; hide_on_mobile=&#8220;&#8220;][\/vc_column][\/vc_row]<\/p>\n","protected":false},"excerpt":{"rendered":"<p>[vc_row css=&#8220;.vc_custom_1642887387524{margin-top: 4em !important;}&#8220;][vc_column][vc_toggle title=&#8220;Kolik mi mus\u00ed b\u00fdt abych mohl\/a j\u00edt do auto\u0161koly?&#8220; el_id=&#8220;1484502542138-221cc31c-7f90&#8243;]Kurz m\u016f\u017ee za\u010d\u00edt rok a p\u016fl p\u0159ed dovr\u0161en\u00edm z\u00e1konem dan\u00e9 hranice pro skupinu &#8222;B&#8220; tj. 18 let.[\/vc_toggle][vc_toggle title=&#8220;Kolik hodin mus\u00edm od\u0159\u00eddit?&#8220; el_id=&#8220;1484502895929-562987d8-16ee&#8220;]Od\u0159\u00eddit mus\u00ed\u0161 28 vyu\u010dovac\u00edch hodin (28 x 45min.). Jezd\u00ed se obvykle dv\u011b vyu\u010dovac\u00ed hodiny v kuse, tj. 90 minut. Na konci kurzu lze spojit v\u00edce v\u00fdcvikov\u00fdch&hellip;<\/p>\n","protected":false},"author":1,"featured_media":0,"parent":0,"menu_order":0,"comment_status":"closed","ping_status":"closed","template":"","meta":{"footnotes":""},"class_list":["post-182","page","type-page","status-publish","hentry"],"yoast_head":"<!-- This site is optimized with the Yoast SEO plugin v27.3 - https:\/\/yoast.com\/product\/yoast-seo-wordpress\/ -->\n<title>FAQ - Auto\u0161kola Pilcov\u00e1<\/title>\n<meta name=\"robots\" content=\"index, follow, max-snippet:-1, max-image-preview:large, max-video-preview:-1\" \/>\n<link rel=\"canonical\" href=\"https:\/\/www.autoskola-petra.cz\/index.php\/faq\/\" \/>\n<meta property=\"og:locale\" content=\"cs_CZ\" \/>\n<meta property=\"og:type\" content=\"article\" \/>\n<meta property=\"og:title\" content=\"FAQ - Auto\u0161kola Pilcov\u00e1\" \/>\n<meta property=\"og:description\" content=\"[vc_row css=&#8220;.vc_custom_1642887387524{margin-top: 4em !important;}&#8220;][vc_column][vc_toggle title=&#8220;Kolik mi mus\u00ed b\u00fdt abych mohl\/a j\u00edt do auto\u0161koly?&#8220; el_id=&#8220;1484502542138-221cc31c-7f90&#8243;]Kurz m\u016f\u017ee za\u010d\u00edt rok a p\u016fl p\u0159ed dovr\u0161en\u00edm z\u00e1konem dan\u00e9 hranice pro skupinu &#8222;B&#8220; tj. 18 let.[\/vc_toggle][vc_toggle title=&#8220;Kolik hodin mus\u00edm od\u0159\u00eddit?&#8220; el_id=&#8220;1484502895929-562987d8-16ee&#8220;]Od\u0159\u00eddit mus\u00ed\u0161 28 vyu\u010dovac\u00edch hodin (28 x 45min.). Jezd\u00ed se obvykle dv\u011b vyu\u010dovac\u00ed hodiny v kuse, tj. 90 minut. Na konci kurzu lze spojit v\u00edce v\u00fdcvikov\u00fdch&hellip;\" \/>\n<meta property=\"og:url\" content=\"https:\/\/www.autoskola-petra.cz\/index.php\/faq\/\" \/>\n<meta property=\"og:site_name\" content=\"Auto\u0161kola Pilcov\u00e1\" \/>\n<meta property=\"article:publisher\" content=\"https:\/\/www.facebook.com\/autoskola.petra.pilcova\" \/>\n<meta property=\"article:modified_time\" content=\"2025-09-24T04:17:48+00:00\" \/>\n<meta name=\"twitter:card\" content=\"summary_large_image\" \/>\n<meta name=\"twitter:label1\" content=\"Odhadovan\u00e1 doba \u010dten\u00ed\" \/>\n\t<meta name=\"twitter:data1\" content=\"2 minuty\" \/>\n<script type=\"application\/ld+json\" class=\"yoast-schema-graph\">{\"@context\":\"https:\\\/\\\/schema.org\",\"@graph\":[{\"@type\":\"WebPage\",\"@id\":\"https:\\\/\\\/www.autoskola-petra.cz\\\/index.php\\\/faq\\\/\",\"url\":\"https:\\\/\\\/www.autoskola-petra.cz\\\/index.php\\\/faq\\\/\",\"name\":\"FAQ - Auto\u0161kola Pilcov\u00e1\",\"isPartOf\":{\"@id\":\"https:\\\/\\\/www.autoskola-petra.cz\\\/#website\"},\"datePublished\":\"2017-01-12T11:18:44+00:00\",\"dateModified\":\"2025-09-24T04:17:48+00:00\",\"breadcrumb\":{\"@id\":\"https:\\\/\\\/www.autoskola-petra.cz\\\/index.php\\\/faq\\\/#breadcrumb\"},\"inLanguage\":\"cs\",\"potentialAction\":[{\"@type\":\"ReadAction\",\"target\":[\"https:\\\/\\\/www.autoskola-petra.cz\\\/index.php\\\/faq\\\/\"]}]},{\"@type\":\"BreadcrumbList\",\"@id\":\"https:\\\/\\\/www.autoskola-petra.cz\\\/index.php\\\/faq\\\/#breadcrumb\",\"itemListElement\":[{\"@type\":\"ListItem\",\"position\":1,\"name\":\"Dom\u016f\",\"item\":\"https:\\\/\\\/www.autoskola-petra.cz\\\/\"},{\"@type\":\"ListItem\",\"position\":2,\"name\":\"FAQ\"}]},{\"@type\":\"WebSite\",\"@id\":\"https:\\\/\\\/www.autoskola-petra.cz\\\/#website\",\"url\":\"https:\\\/\\\/www.autoskola-petra.cz\\\/\",\"name\":\"Auto\u0161kola Petra Pilcov\u00e1\",\"description\":\"auto\u0161kola s \u00fasm\u011bvem\",\"publisher\":{\"@id\":\"https:\\\/\\\/www.autoskola-petra.cz\\\/#organization\"},\"potentialAction\":[{\"@type\":\"SearchAction\",\"target\":{\"@type\":\"EntryPoint\",\"urlTemplate\":\"https:\\\/\\\/www.autoskola-petra.cz\\\/?s={search_term_string}\"},\"query-input\":{\"@type\":\"PropertyValueSpecification\",\"valueRequired\":true,\"valueName\":\"search_term_string\"}}],\"inLanguage\":\"cs\"},{\"@type\":\"Organization\",\"@id\":\"https:\\\/\\\/www.autoskola-petra.cz\\\/#organization\",\"name\":\"Auto\u0161kola Petra Pilcov\u00e1\",\"url\":\"https:\\\/\\\/www.autoskola-petra.cz\\\/\",\"logo\":{\"@type\":\"ImageObject\",\"inLanguage\":\"cs\",\"@id\":\"https:\\\/\\\/www.autoskola-petra.cz\\\/#\\\/schema\\\/logo\\\/image\\\/\",\"url\":\"https:\\\/\\\/www.autoskola-petra.cz\\\/wp-content\\\/uploads\\\/2022\\\/01\\\/272172466_480024636851059_3395595873616766619_n.png\",\"contentUrl\":\"https:\\\/\\\/www.autoskola-petra.cz\\\/wp-content\\\/uploads\\\/2022\\\/01\\\/272172466_480024636851059_3395595873616766619_n.png\",\"width\":1530,\"height\":374,\"caption\":\"Auto\u0161kola Petra Pilcov\u00e1\"},\"image\":{\"@id\":\"https:\\\/\\\/www.autoskola-petra.cz\\\/#\\\/schema\\\/logo\\\/image\\\/\"},\"sameAs\":[\"https:\\\/\\\/www.facebook.com\\\/autoskola.petra.pilcova\"]}]}<\/script>\n<!-- \/ Yoast SEO plugin. -->","yoast_head_json":{"title":"FAQ - Auto\u0161kola Pilcov\u00e1","robots":{"index":"index","follow":"follow","max-snippet":"max-snippet:-1","max-image-preview":"max-image-preview:large","max-video-preview":"max-video-preview:-1"},"canonical":"https:\/\/www.autoskola-petra.cz\/index.php\/faq\/","og_locale":"cs_CZ","og_type":"article","og_title":"FAQ - Auto\u0161kola Pilcov\u00e1","og_description":"[vc_row css=&#8220;.vc_custom_1642887387524{margin-top: 4em !important;}&#8220;][vc_column][vc_toggle title=&#8220;Kolik mi mus\u00ed b\u00fdt abych mohl\/a j\u00edt do auto\u0161koly?&#8220; el_id=&#8220;1484502542138-221cc31c-7f90&#8243;]Kurz m\u016f\u017ee za\u010d\u00edt rok a p\u016fl p\u0159ed dovr\u0161en\u00edm z\u00e1konem dan\u00e9 hranice pro skupinu &#8222;B&#8220; tj. 18 let.[\/vc_toggle][vc_toggle title=&#8220;Kolik hodin mus\u00edm od\u0159\u00eddit?&#8220; el_id=&#8220;1484502895929-562987d8-16ee&#8220;]Od\u0159\u00eddit mus\u00ed\u0161 28 vyu\u010dovac\u00edch hodin (28 x 45min.). Jezd\u00ed se obvykle dv\u011b vyu\u010dovac\u00ed hodiny v kuse, tj. 90 minut. Na konci kurzu lze spojit v\u00edce v\u00fdcvikov\u00fdch&hellip;","og_url":"https:\/\/www.autoskola-petra.cz\/index.php\/faq\/","og_site_name":"Auto\u0161kola Pilcov\u00e1","article_publisher":"https:\/\/www.facebook.com\/autoskola.petra.pilcova","article_modified_time":"2025-09-24T04:17:48+00:00","twitter_card":"summary_large_image","twitter_misc":{"Odhadovan\u00e1 doba \u010dten\u00ed":"2 minuty"},"schema":{"@context":"https:\/\/schema.org","@graph":[{"@type":"WebPage","@id":"https:\/\/www.autoskola-petra.cz\/index.php\/faq\/","url":"https:\/\/www.autoskola-petra.cz\/index.php\/faq\/","name":"FAQ - Auto\u0161kola Pilcov\u00e1","isPartOf":{"@id":"https:\/\/www.autoskola-petra.cz\/#website"},"datePublished":"2017-01-12T11:18:44+00:00","dateModified":"2025-09-24T04:17:48+00:00","breadcrumb":{"@id":"https:\/\/www.autoskola-petra.cz\/index.php\/faq\/#breadcrumb"},"inLanguage":"cs","potentialAction":[{"@type":"ReadAction","target":["https:\/\/www.autoskola-petra.cz\/index.php\/faq\/"]}]},{"@type":"BreadcrumbList","@id":"https:\/\/www.autoskola-petra.cz\/index.php\/faq\/#breadcrumb","itemListElement":[{"@type":"ListItem","position":1,"name":"Dom\u016f","item":"https:\/\/www.autoskola-petra.cz\/"},{"@type":"ListItem","position":2,"name":"FAQ"}]},{"@type":"WebSite","@id":"https:\/\/www.autoskola-petra.cz\/#website","url":"https:\/\/www.autoskola-petra.cz\/","name":"Auto\u0161kola Petra Pilcov\u00e1","description":"auto\u0161kola s \u00fasm\u011bvem","publisher":{"@id":"https:\/\/www.autoskola-petra.cz\/#organization"},"potentialAction":[{"@type":"SearchAction","target":{"@type":"EntryPoint","urlTemplate":"https:\/\/www.autoskola-petra.cz\/?s={search_term_string}"},"query-input":{"@type":"PropertyValueSpecification","valueRequired":true,"valueName":"search_term_string"}}],"inLanguage":"cs"},{"@type":"Organization","@id":"https:\/\/www.autoskola-petra.cz\/#organization","name":"Auto\u0161kola Petra Pilcov\u00e1","url":"https:\/\/www.autoskola-petra.cz\/","logo":{"@type":"ImageObject","inLanguage":"cs","@id":"https:\/\/www.autoskola-petra.cz\/#\/schema\/logo\/image\/","url":"https:\/\/www.autoskola-petra.cz\/wp-content\/uploads\/2022\/01\/272172466_480024636851059_3395595873616766619_n.png","contentUrl":"https:\/\/www.autoskola-petra.cz\/wp-content\/uploads\/2022\/01\/272172466_480024636851059_3395595873616766619_n.png","width":1530,"height":374,"caption":"Auto\u0161kola Petra Pilcov\u00e1"},"image":{"@id":"https:\/\/www.autoskola-petra.cz\/#\/schema\/logo\/image\/"},"sameAs":["https:\/\/www.facebook.com\/autoskola.petra.pilcova"]}]}},"_links":{"self":[{"href":"https:\/\/www.autoskola-petra.cz\/index.php\/wp-json\/wp\/v2\/pages\/182","targetHints":{"allow":["GET"]}}],"collection":[{"href":"https:\/\/www.autoskola-petra.cz\/index.php\/wp-json\/wp\/v2\/pages"}],"about":[{"href":"https:\/\/www.autoskola-petra.cz\/index.php\/wp-json\/wp\/v2\/types\/page"}],"author":[{"embeddable":true,"href":"https:\/\/www.autoskola-petra.cz\/index.php\/wp-json\/wp\/v2\/users\/1"}],"replies":[{"embeddable":true,"href":"https:\/\/www.autoskola-petra.cz\/index.php\/wp-json\/wp\/v2\/comments?post=182"}],"version-history":[{"count":4,"href":"https:\/\/www.autoskola-petra.cz\/index.php\/wp-json\/wp\/v2\/pages\/182\/revisions"}],"predecessor-version":[{"id":1206,"href":"https:\/\/www.autoskola-petra.cz\/index.php\/wp-json\/wp\/v2\/pages\/182\/revisions\/1206"}],"wp:attachment":[{"href":"https:\/\/www.autoskola-petra.cz\/index.php\/wp-json\/wp\/v2\/media?parent=182"}],"curies":[{"name":"wp","href":"https:\/\/api.w.org\/{rel}","templated":true}]}}