{"id":175,"date":"2017-01-12T10:57:19","date_gmt":"2017-01-12T10:57:19","guid":{"rendered":"http:\/\/fsdriving.themerex.net\/?page_id=175"},"modified":"2025-09-23T16:19:56","modified_gmt":"2025-09-23T16:19:56","slug":"prihlaseni","status":"publish","type":"page","link":"https:\/\/www.autoskola-petra.cz\/index.php\/prihlaseni\/","title":{"rendered":"P\u0159ihl\u00e1\u0161en\u00ed"},"content":{"rendered":"<p>[vc_row css=&#8220;.vc_custom_1642887415324{margin-top: 4em !important;}&#8220;][vc_column]<div id=\"sc_title_1107385658\"\n\t\tclass=\"sc_title sc_title_default\"><h6 class=\"sc_item_subtitle sc_title_subtitle sc_align_left sc_item_title_style_default\">p\u0159ihl\u00e1\u0161en\u00ed<\/h6><h3 class=\"sc_item_title sc_title_title sc_align_left sc_item_title_style_default\">Z\u00e1pis do kurzu<\/h3><\/div><!-- \/.sc_title -->[vc_separator css=&#8220;.vc_custom_1642885286116{margin-top: 1.7em !important;margin-bottom: 1.7em !important;}&#8220;][\/vc_column][\/vc_row][vc_row equal_height=&#8220;yes&#8220;][vc_column][vc_raw_html]JTNDaWZyYW1lJTIwc3JjJTNEJTIyaHR0cHMlM0ElMkYlMkZwZXRyYS5tb2plLWF1dG9za29sYS5jeiUyRnByaWhsYXNrYS5waHAlM0ZpZnJhbWUlM0QxJTIyJTIwYm9yZGVyJTNEJTIyMCUyMiUyMHdpZHRoJTNEJTIyOTUlMjUlMjIlMjBoZWlnaHQlM0QlMjIxMDUwcHglMjIlMjBzdHlsZSUzRCUyMmJvcmRlciUzQTBweCUyMiUyMG1hcmdpbmhlaWdodCUzRCUyMjAlMjIlMjBtYXJnaW53aWR0aCUzRCUyMjAlMjIlMjBmcmFtZUJvcmRlciUzRCUyMjAlMjIlMjByZWwlM0QlMjJub2ZvbGxvdyUyMiUyMGlkJTNEJTIybWFfaWZyYW1lJTIyJTNFJTNDJTJGaWZyYW1lJTNFJTNDc2NyaXB0JTIwc3JjJTNEJTIyaHR0cHMlM0ElMkYlMkZwZXRyYS5tb2plLWF1dG9za29sYS5jeiUyRmpzJTJGaWZyYW1lLXJlc2l6ZXIlMkZpZnJhbWVSZXNpemVyLm1pbi5qcyUyMiUyMHR5cGUlM0QlMjJ0ZXh0JTJGamF2YXNjcmlwdCUyMiUzRSUzQyUyRnNjcmlwdCUzRSUzQ3NjcmlwdCUyMHR5cGUlM0QlMjJ0ZXh0JTJGamF2YXNjcmlwdCUyMiUzRXZhciUyMGlmcmFtZXMlMjAlM0QlMjBpRnJhbWVSZXNpemUlMjglMjklM0IlM0MlMkZzY3JpcHQlM0UlM0NiciUzRSUzQ2JyJTNFT24tbGluZSUyMHAlQzUlOTlpaGxhJUM1JUExb3YlQzMlQTFuJUMzJUFEJTIwJUM1JUJFJUMzJUExayVDNSVBRiUyMGRvJTIwYXV0byVDNSVBMWtvbHklMjB6YWppJUM1JUExJUM1JUE1dWplJTIwc29mdHdhcmUlMjAlM0NhJTIwaHJlZiUzRCUyMmh0dHBzJTNBJTJGJTJGd3d3Lm1vamUtYXV0b3Nrb2xhLmN6JTIyJTIwdGFyZ2V0JTNEJTIyX2JsYW5rJTIyJTNFTU9KRSUyMEFVVE8lQzUlQTBLT0xBJTNDJTJGYSUzRSUyMC0lMjAlM0NhJTIwaHJlZiUzRCUyMmh0dHBzJTNBJTJGJTJGd3d3Lm1vamUtYXV0b3Nrb2xhLmN6JTIyJTIwdGFyZ2V0JTNEJTIyX2JsYW5rJTIyJTNFZWxla3Ryb25pY2slQzMlQTElMjBldmlkZW5jZSUyMGF1dG8lQzUlQTFrb2x5JTNDJTJGYSUzRS4=[\/vc_raw_html][\/vc_column][\/vc_row][vc_row css=&#8220;.vc_custom_1642885165608{margin-top: 4em !important;}&#8220;][vc_column]<div id=\"sc_title_1373296616\"\n\t\tclass=\"sc_title sc_title_default\"><h6 class=\"sc_item_subtitle sc_title_subtitle sc_align_left sc_item_title_style_default\">p\u0159ihl\u00e1\u0161en\u00ed<\/h6><h3 class=\"sc_item_title sc_title_title sc_align_left sc_item_title_style_default\">Dokumenty ke sta\u017een\u00ed<\/h3><\/div><!-- \/.sc_title -->[vc_separator css=&#8220;.vc_custom_1642886318922{margin-top: 1.7em !important;margin-bottom: 0em !important;}&#8220;][\/vc_column][\/vc_row][vc_row css=&#8220;.vc_custom_1642886625292{margin-bottom: 2em !important;}&#8220;][vc_column width=&#8220;1\/3&#8243;][vc_custom_heading text=&#8220;P\u0159ihl\u00e1\u0161ka do auto\u0161koly&#8220; font_container=&#8220;tag:h4|text_align:center&#8220; google_fonts=&#8220;font_family:Open%20Sans%3A300%2C300italic%2Cregular%2Citalic%2C600%2C600italic%2C700%2C700italic%2C800%2C800italic|font_style:400%20regular%3A400%3Anormal&#8220;][vc_btn title=&#8220;ST\u00c1HNOUT&#8220; color=&#8220;default&#8220; align=&#8220;center&#8220; link=&#8220;url:http%3A%2F%2Fwww.autoskola-petra.cz%2Fwp-content%2Fuploads%2F2022%2F01%2Fprihlaska.pdf||target:%20_blank|&#8220;][\/vc_column][vc_column width=&#8220;1\/3&#8243;][vc_custom_heading text=&#8220;Posudek o zdravotn\u00ed zp\u016fsobilosti&#8220; font_container=&#8220;tag:h4|text_align:center&#8220; google_fonts=&#8220;font_family:Open%20Sans%3A300%2C300italic%2Cregular%2Citalic%2C600%2C600italic%2C700%2C700italic%2C800%2C800italic|font_style:400%20regular%3A400%3Anormal&#8220;][vc_btn title=&#8220;ST\u00c1HNOUT&#8220; color=&#8220;default&#8220; align=&#8220;center&#8220; link=&#8220;url:http%3A%2F%2Fwww.autoskola-petra.cz%2Fwp-content%2Fuploads%2F2022%2F01%2Fposudek.pdf||target:%20_blank|&#8220;][\/vc_column][vc_column width=&#8220;1\/3&#8243;][vc_custom_heading text=&#8220;\u017d\u00e1dost o vr\u00e1cen\u00ed \u0158O&#8220; font_container=&#8220;tag:h4|text_align:center&#8220; google_fonts=&#8220;font_family:Open%20Sans%3A300%2C300italic%2Cregular%2Citalic%2C600%2C600italic%2C700%2C700italic%2C800%2C800italic|font_style:400%20regular%3A400%3Anormal&#8220;][vc_btn title=&#8220;ST\u00c1HNOUT&#8220; color=&#8220;default&#8220; align=&#8220;center&#8220; link=&#8220;url:http%3A%2F%2Fwww.autoskola-petra.cz%2Fwp-content%2Fuploads%2F2022%2F01%2Fzadost_vraceni_rp.pdf||target:%20_blank|&#8220;][\/vc_column][\/vc_row][vc_row][vc_column width=&#8220;1\/2&#8243;][vc_column_text]<\/p>\n<ul class=\"trx_addons_list_success_circled\">\n<li>P\u0159ihl\u00e1\u0161ky je mo\u017en\u00e9 pod\u00e1vat pr\u016fb\u011b\u017en\u011b b\u011bhem roku<\/li>\n<li>P\u0159ihl\u00e1\u0161ku je nutn\u00e9 vytisknout oboustrann\u011b<\/li>\n<li>\u00dadaje uveden\u00e9 v p\u0159ihl\u00e1\u0161ce mus\u00ed souhlasit s \u00fadaji v OP \u017eadatele<\/li>\n<\/ul>\n<p>[\/vc_column_text][\/vc_column][vc_column width=&#8220;1\/2&#8243;][vc_column_text]<\/p>\n<ul class=\"trx_addons_list_success_circled\">\n<li>Kontaktn\u00ed \u00fadaje na uchaze\u010de, zejm\u00e9na telefon, jsou povinn\u00e9<\/li>\n<li>\u017d\u00e1dost je nutno vyplnit h\u016flkov\u00fdm p\u00edsmem a nesmazateln\u00fdm perem<\/li>\n<\/ul>\n<p>[\/vc_column_text][\/vc_column][\/vc_row]<\/p>\n","protected":false},"excerpt":{"rendered":"<p>[vc_row css=&#8220;.vc_custom_1642887415324{margin-top: 4em !important;}&#8220;][vc_column][vc_separator css=&#8220;.vc_custom_1642885286116{margin-top: 1.7em !important;margin-bottom: 1.7em !important;}&#8220;][\/vc_column][\/vc_row][vc_row equal_height=&#8220;yes&#8220;][vc_column][vc_raw_html]JTNDaWZyYW1lJTIwc3JjJTNEJTIyaHR0cHMlM0ElMkYlMkZwZXRyYS5tb2plLWF1dG9za29sYS5jeiUyRnByaWhsYXNrYS5waHAlM0ZpZnJhbWUlM0QxJTIyJTIwYm9yZGVyJTNEJTIyMCUyMiUyMHdpZHRoJTNEJTIyOTUlMjUlMjIlMjBoZWlnaHQlM0QlMjIxMDUwcHglMjIlMjBzdHlsZSUzRCUyMmJvcmRlciUzQTBweCUyMiUyMG1hcmdpbmhlaWdodCUzRCUyMjAlMjIlMjBtYXJnaW53aWR0aCUzRCUyMjAlMjIlMjBmcmFtZUJvcmRlciUzRCUyMjAlMjIlMjByZWwlM0QlMjJub2ZvbGxvdyUyMiUyMGlkJTNEJTIybWFfaWZyYW1lJTIyJTNFJTNDJTJGaWZyYW1lJTNFJTNDc2NyaXB0JTIwc3JjJTNEJTIyaHR0cHMlM0ElMkYlMkZwZXRyYS5tb2plLWF1dG9za29sYS5jeiUyRmpzJTJGaWZyYW1lLXJlc2l6ZXIlMkZpZnJhbWVSZXNpemVyLm1pbi5qcyUyMiUyMHR5cGUlM0QlMjJ0ZXh0JTJGamF2YXNjcmlwdCUyMiUzRSUzQyUyRnNjcmlwdCUzRSUzQ3NjcmlwdCUyMHR5cGUlM0QlMjJ0ZXh0JTJGamF2YXNjcmlwdCUyMiUzRXZhciUyMGlmcmFtZXMlMjAlM0QlMjBpRnJhbWVSZXNpemUlMjglMjklM0IlM0MlMkZzY3JpcHQlM0UlM0NiciUzRSUzQ2JyJTNFT24tbGluZSUyMHAlQzUlOTlpaGxhJUM1JUExb3YlQzMlQTFuJUMzJUFEJTIwJUM1JUJFJUMzJUExayVDNSVBRiUyMGRvJTIwYXV0byVDNSVBMWtvbHklMjB6YWppJUM1JUExJUM1JUE1dWplJTIwc29mdHdhcmUlMjAlM0NhJTIwaHJlZiUzRCUyMmh0dHBzJTNBJTJGJTJGd3d3Lm1vamUtYXV0b3Nrb2xhLmN6JTIyJTIwdGFyZ2V0JTNEJTIyX2JsYW5rJTIyJTNFTU9KRSUyMEFVVE8lQzUlQTBLT0xBJTNDJTJGYSUzRSUyMC0lMjAlM0NhJTIwaHJlZiUzRCUyMmh0dHBzJTNBJTJGJTJGd3d3Lm1vamUtYXV0b3Nrb2xhLmN6JTIyJTIwdGFyZ2V0JTNEJTIyX2JsYW5rJTIyJTNFZWxla3Ryb25pY2slQzMlQTElMjBldmlkZW5jZSUyMGF1dG8lQzUlQTFrb2x5JTNDJTJGYSUzRS4=[\/vc_raw_html][\/vc_column][\/vc_row][vc_row css=&#8220;.vc_custom_1642885165608{margin-top: 4em !important;}&#8220;][vc_column][vc_separator css=&#8220;.vc_custom_1642886318922{margin-top: 1.7em !important;margin-bottom: 0em !important;}&#8220;][\/vc_column][\/vc_row][vc_row css=&#8220;.vc_custom_1642886625292{margin-bottom: 2em !important;}&#8220;][vc_column width=&#8220;1\/3&#8243;][vc_custom_heading text=&#8220;P\u0159ihl\u00e1\u0161ka do auto\u0161koly&#8220; font_container=&#8220;tag:h4|text_align:center&#8220; google_fonts=&#8220;font_family:Open%20Sans%3A300%2C300italic%2Cregular%2Citalic%2C600%2C600italic%2C700%2C700italic%2C800%2C800italic|font_style:400%20regular%3A400%3Anormal&#8220;][vc_btn title=&#8220;ST\u00c1HNOUT&#8220; color=&#8220;default&#8220; align=&#8220;center&#8220; link=&#8220;url:http%3A%2F%2Fwww.autoskola-petra.cz%2Fwp-content%2Fuploads%2F2022%2F01%2Fprihlaska.pdf||target:%20_blank|&#8220;][\/vc_column][vc_column width=&#8220;1\/3&#8243;][vc_custom_heading text=&#8220;Posudek o zdravotn\u00ed zp\u016fsobilosti&#8220; font_container=&#8220;tag:h4|text_align:center&#8220; google_fonts=&#8220;font_family:Open%20Sans%3A300%2C300italic%2Cregular%2Citalic%2C600%2C600italic%2C700%2C700italic%2C800%2C800italic|font_style:400%20regular%3A400%3Anormal&#8220;][vc_btn title=&#8220;ST\u00c1HNOUT&#8220; color=&#8220;default&#8220; align=&#8220;center&#8220; link=&#8220;url:http%3A%2F%2Fwww.autoskola-petra.cz%2Fwp-content%2Fuploads%2F2022%2F01%2Fposudek.pdf||target:%20_blank|&#8220;][\/vc_column][vc_column width=&#8220;1\/3&#8243;][vc_custom_heading text=&#8220;\u017d\u00e1dost o vr\u00e1cen\u00ed \u0158O&#8220; font_container=&#8220;tag:h4|text_align:center&#8220; google_fonts=&#8220;font_family:Open%20Sans%3A300%2C300italic%2Cregular%2Citalic%2C600%2C600italic%2C700%2C700italic%2C800%2C800italic|font_style:400%20regular%3A400%3Anormal&#8220;][vc_btn title=&#8220;ST\u00c1HNOUT&#8220; color=&#8220;default&#8220; align=&#8220;center&#8220; link=&#8220;url:http%3A%2F%2Fwww.autoskola-petra.cz%2Fwp-content%2Fuploads%2F2022%2F01%2Fzadost_vraceni_rp.pdf||target:%20_blank|&#8220;][\/vc_column][\/vc_row][vc_row][vc_column width=&#8220;1\/2&#8243;][vc_column_text] P\u0159ihl\u00e1\u0161ky je mo\u017en\u00e9 pod\u00e1vat pr\u016fb\u011b\u017en\u011b b\u011bhem&hellip;<\/p>\n","protected":false},"author":1,"featured_media":0,"parent":0,"menu_order":0,"comment_status":"closed","ping_status":"closed","template":"","meta":{"footnotes":""},"class_list":["post-175","page","type-page","status-publish","hentry"],"yoast_head":"<!-- This site is optimized with the Yoast SEO plugin v27.3 - https:\/\/yoast.com\/product\/yoast-seo-wordpress\/ -->\n<title>P\u0159ihl\u00e1\u0161en\u00ed do auto\u0161koly: Krok za krokem - Auto\u0161kola Pilcov\u00e1<\/title>\n<meta name=\"description\" content=\"P\u0159ihl\u00e1\u0161en\u00ed do auto\u0161koly je prvn\u00ed krok. Zjist\u011bte, jak podat p\u0159ihl\u00e1\u0161ku a co je pot\u0159eba m\u00edt. R\u00e1di V\u00e1m se v\u0161\u00edm p\u0159\u00edpadn\u011b pom\u016f\u017eeme.\" \/>\n<meta name=\"robots\" content=\"index, follow, max-snippet:-1, max-image-preview:large, max-video-preview:-1\" \/>\n<link rel=\"canonical\" href=\"https:\/\/www.autoskola-petra.cz\/index.php\/prihlaseni\/\" \/>\n<meta property=\"og:locale\" content=\"cs_CZ\" \/>\n<meta property=\"og:type\" content=\"article\" \/>\n<meta property=\"og:title\" content=\"P\u0159ihl\u00e1\u0161en\u00ed do auto\u0161koly: Krok za krokem - Auto\u0161kola Pilcov\u00e1\" \/>\n<meta property=\"og:description\" content=\"P\u0159ihl\u00e1\u0161en\u00ed do auto\u0161koly je prvn\u00ed krok. Zjist\u011bte, jak podat p\u0159ihl\u00e1\u0161ku a co je pot\u0159eba m\u00edt. R\u00e1di V\u00e1m se v\u0161\u00edm p\u0159\u00edpadn\u011b pom\u016f\u017eeme.\" \/>\n<meta property=\"og:url\" content=\"https:\/\/www.autoskola-petra.cz\/index.php\/prihlaseni\/\" \/>\n<meta property=\"og:site_name\" content=\"Auto\u0161kola Pilcov\u00e1\" \/>\n<meta property=\"article:publisher\" content=\"https:\/\/www.facebook.com\/autoskola.petra.pilcova\" \/>\n<meta property=\"article:modified_time\" content=\"2025-09-23T16:19:56+00:00\" \/>\n<meta name=\"twitter:card\" content=\"summary_large_image\" \/>\n<meta name=\"twitter:label1\" content=\"Odhadovan\u00e1 doba \u010dten\u00ed\" \/>\n\t<meta name=\"twitter:data1\" content=\"1 minuta\" \/>\n<script type=\"application\/ld+json\" class=\"yoast-schema-graph\">{\"@context\":\"https:\\\/\\\/schema.org\",\"@graph\":[{\"@type\":\"WebPage\",\"@id\":\"https:\\\/\\\/www.autoskola-petra.cz\\\/index.php\\\/prihlaseni\\\/\",\"url\":\"https:\\\/\\\/www.autoskola-petra.cz\\\/index.php\\\/prihlaseni\\\/\",\"name\":\"P\u0159ihl\u00e1\u0161en\u00ed do auto\u0161koly: Krok za krokem - Auto\u0161kola Pilcov\u00e1\",\"isPartOf\":{\"@id\":\"https:\\\/\\\/www.autoskola-petra.cz\\\/#website\"},\"datePublished\":\"2017-01-12T10:57:19+00:00\",\"dateModified\":\"2025-09-23T16:19:56+00:00\",\"description\":\"P\u0159ihl\u00e1\u0161en\u00ed do auto\u0161koly je prvn\u00ed krok. Zjist\u011bte, jak podat p\u0159ihl\u00e1\u0161ku a co je pot\u0159eba m\u00edt. R\u00e1di V\u00e1m se v\u0161\u00edm p\u0159\u00edpadn\u011b pom\u016f\u017eeme.\",\"breadcrumb\":{\"@id\":\"https:\\\/\\\/www.autoskola-petra.cz\\\/index.php\\\/prihlaseni\\\/#breadcrumb\"},\"inLanguage\":\"cs\",\"potentialAction\":[{\"@type\":\"ReadAction\",\"target\":[\"https:\\\/\\\/www.autoskola-petra.cz\\\/index.php\\\/prihlaseni\\\/\"]}]},{\"@type\":\"BreadcrumbList\",\"@id\":\"https:\\\/\\\/www.autoskola-petra.cz\\\/index.php\\\/prihlaseni\\\/#breadcrumb\",\"itemListElement\":[{\"@type\":\"ListItem\",\"position\":1,\"name\":\"Dom\u016f\",\"item\":\"https:\\\/\\\/www.autoskola-petra.cz\\\/\"},{\"@type\":\"ListItem\",\"position\":2,\"name\":\"P\u0159ihl\u00e1\u0161en\u00ed\"}]},{\"@type\":\"WebSite\",\"@id\":\"https:\\\/\\\/www.autoskola-petra.cz\\\/#website\",\"url\":\"https:\\\/\\\/www.autoskola-petra.cz\\\/\",\"name\":\"Auto\u0161kola Petra Pilcov\u00e1\",\"description\":\"auto\u0161kola s \u00fasm\u011bvem\",\"publisher\":{\"@id\":\"https:\\\/\\\/www.autoskola-petra.cz\\\/#organization\"},\"potentialAction\":[{\"@type\":\"SearchAction\",\"target\":{\"@type\":\"EntryPoint\",\"urlTemplate\":\"https:\\\/\\\/www.autoskola-petra.cz\\\/?s={search_term_string}\"},\"query-input\":{\"@type\":\"PropertyValueSpecification\",\"valueRequired\":true,\"valueName\":\"search_term_string\"}}],\"inLanguage\":\"cs\"},{\"@type\":\"Organization\",\"@id\":\"https:\\\/\\\/www.autoskola-petra.cz\\\/#organization\",\"name\":\"Auto\u0161kola Petra Pilcov\u00e1\",\"url\":\"https:\\\/\\\/www.autoskola-petra.cz\\\/\",\"logo\":{\"@type\":\"ImageObject\",\"inLanguage\":\"cs\",\"@id\":\"https:\\\/\\\/www.autoskola-petra.cz\\\/#\\\/schema\\\/logo\\\/image\\\/\",\"url\":\"https:\\\/\\\/www.autoskola-petra.cz\\\/wp-content\\\/uploads\\\/2022\\\/01\\\/272172466_480024636851059_3395595873616766619_n.png\",\"contentUrl\":\"https:\\\/\\\/www.autoskola-petra.cz\\\/wp-content\\\/uploads\\\/2022\\\/01\\\/272172466_480024636851059_3395595873616766619_n.png\",\"width\":1530,\"height\":374,\"caption\":\"Auto\u0161kola Petra Pilcov\u00e1\"},\"image\":{\"@id\":\"https:\\\/\\\/www.autoskola-petra.cz\\\/#\\\/schema\\\/logo\\\/image\\\/\"},\"sameAs\":[\"https:\\\/\\\/www.facebook.com\\\/autoskola.petra.pilcova\"]}]}<\/script>\n<!-- \/ Yoast SEO plugin. -->","yoast_head_json":{"title":"P\u0159ihl\u00e1\u0161en\u00ed do auto\u0161koly: Krok za krokem - Auto\u0161kola Pilcov\u00e1","description":"P\u0159ihl\u00e1\u0161en\u00ed do auto\u0161koly je prvn\u00ed krok. Zjist\u011bte, jak podat p\u0159ihl\u00e1\u0161ku a co je pot\u0159eba m\u00edt. R\u00e1di V\u00e1m se v\u0161\u00edm p\u0159\u00edpadn\u011b pom\u016f\u017eeme.","robots":{"index":"index","follow":"follow","max-snippet":"max-snippet:-1","max-image-preview":"max-image-preview:large","max-video-preview":"max-video-preview:-1"},"canonical":"https:\/\/www.autoskola-petra.cz\/index.php\/prihlaseni\/","og_locale":"cs_CZ","og_type":"article","og_title":"P\u0159ihl\u00e1\u0161en\u00ed do auto\u0161koly: Krok za krokem - Auto\u0161kola Pilcov\u00e1","og_description":"P\u0159ihl\u00e1\u0161en\u00ed do auto\u0161koly je prvn\u00ed krok. Zjist\u011bte, jak podat p\u0159ihl\u00e1\u0161ku a co je pot\u0159eba m\u00edt. R\u00e1di V\u00e1m se v\u0161\u00edm p\u0159\u00edpadn\u011b pom\u016f\u017eeme.","og_url":"https:\/\/www.autoskola-petra.cz\/index.php\/prihlaseni\/","og_site_name":"Auto\u0161kola Pilcov\u00e1","article_publisher":"https:\/\/www.facebook.com\/autoskola.petra.pilcova","article_modified_time":"2025-09-23T16:19:56+00:00","twitter_card":"summary_large_image","twitter_misc":{"Odhadovan\u00e1 doba \u010dten\u00ed":"1 minuta"},"schema":{"@context":"https:\/\/schema.org","@graph":[{"@type":"WebPage","@id":"https:\/\/www.autoskola-petra.cz\/index.php\/prihlaseni\/","url":"https:\/\/www.autoskola-petra.cz\/index.php\/prihlaseni\/","name":"P\u0159ihl\u00e1\u0161en\u00ed do auto\u0161koly: Krok za krokem - Auto\u0161kola Pilcov\u00e1","isPartOf":{"@id":"https:\/\/www.autoskola-petra.cz\/#website"},"datePublished":"2017-01-12T10:57:19+00:00","dateModified":"2025-09-23T16:19:56+00:00","description":"P\u0159ihl\u00e1\u0161en\u00ed do auto\u0161koly je prvn\u00ed krok. Zjist\u011bte, jak podat p\u0159ihl\u00e1\u0161ku a co je pot\u0159eba m\u00edt. R\u00e1di V\u00e1m se v\u0161\u00edm p\u0159\u00edpadn\u011b pom\u016f\u017eeme.","breadcrumb":{"@id":"https:\/\/www.autoskola-petra.cz\/index.php\/prihlaseni\/#breadcrumb"},"inLanguage":"cs","potentialAction":[{"@type":"ReadAction","target":["https:\/\/www.autoskola-petra.cz\/index.php\/prihlaseni\/"]}]},{"@type":"BreadcrumbList","@id":"https:\/\/www.autoskola-petra.cz\/index.php\/prihlaseni\/#breadcrumb","itemListElement":[{"@type":"ListItem","position":1,"name":"Dom\u016f","item":"https:\/\/www.autoskola-petra.cz\/"},{"@type":"ListItem","position":2,"name":"P\u0159ihl\u00e1\u0161en\u00ed"}]},{"@type":"WebSite","@id":"https:\/\/www.autoskola-petra.cz\/#website","url":"https:\/\/www.autoskola-petra.cz\/","name":"Auto\u0161kola Petra Pilcov\u00e1","description":"auto\u0161kola s \u00fasm\u011bvem","publisher":{"@id":"https:\/\/www.autoskola-petra.cz\/#organization"},"potentialAction":[{"@type":"SearchAction","target":{"@type":"EntryPoint","urlTemplate":"https:\/\/www.autoskola-petra.cz\/?s={search_term_string}"},"query-input":{"@type":"PropertyValueSpecification","valueRequired":true,"valueName":"search_term_string"}}],"inLanguage":"cs"},{"@type":"Organization","@id":"https:\/\/www.autoskola-petra.cz\/#organization","name":"Auto\u0161kola Petra Pilcov\u00e1","url":"https:\/\/www.autoskola-petra.cz\/","logo":{"@type":"ImageObject","inLanguage":"cs","@id":"https:\/\/www.autoskola-petra.cz\/#\/schema\/logo\/image\/","url":"https:\/\/www.autoskola-petra.cz\/wp-content\/uploads\/2022\/01\/272172466_480024636851059_3395595873616766619_n.png","contentUrl":"https:\/\/www.autoskola-petra.cz\/wp-content\/uploads\/2022\/01\/272172466_480024636851059_3395595873616766619_n.png","width":1530,"height":374,"caption":"Auto\u0161kola Petra Pilcov\u00e1"},"image":{"@id":"https:\/\/www.autoskola-petra.cz\/#\/schema\/logo\/image\/"},"sameAs":["https:\/\/www.facebook.com\/autoskola.petra.pilcova"]}]}},"_links":{"self":[{"href":"https:\/\/www.autoskola-petra.cz\/index.php\/wp-json\/wp\/v2\/pages\/175","targetHints":{"allow":["GET"]}}],"collection":[{"href":"https:\/\/www.autoskola-petra.cz\/index.php\/wp-json\/wp\/v2\/pages"}],"about":[{"href":"https:\/\/www.autoskola-petra.cz\/index.php\/wp-json\/wp\/v2\/types\/page"}],"author":[{"embeddable":true,"href":"https:\/\/www.autoskola-petra.cz\/index.php\/wp-json\/wp\/v2\/users\/1"}],"replies":[{"embeddable":true,"href":"https:\/\/www.autoskola-petra.cz\/index.php\/wp-json\/wp\/v2\/comments?post=175"}],"version-history":[{"count":15,"href":"https:\/\/www.autoskola-petra.cz\/index.php\/wp-json\/wp\/v2\/pages\/175\/revisions"}],"predecessor-version":[{"id":1283,"href":"https:\/\/www.autoskola-petra.cz\/index.php\/wp-json\/wp\/v2\/pages\/175\/revisions\/1283"}],"wp:attachment":[{"href":"https:\/\/www.autoskola-petra.cz\/index.php\/wp-json\/wp\/v2\/media?parent=175"}],"curies":[{"name":"wp","href":"https:\/\/api.w.org\/{rel}","templated":true}]}}