{"id":124,"date":"2017-01-10T16:57:53","date_gmt":"2017-01-10T16:57:53","guid":{"rendered":"http:\/\/fsdriving.themerex.net\/?page_id=124"},"modified":"2025-09-24T04:17:32","modified_gmt":"2025-09-24T04:17:32","slug":"galerie","status":"publish","type":"page","link":"https:\/\/www.autoskola-petra.cz\/index.php\/galerie\/","title":{"rendered":"Galerie"},"content":{"rendered":"<p>[vc_row][vc_column][vc_gallery type=&#8220;image_grid&#8220; images=&#8220;1288,1289,1275,1274,1251,1254,992,945,947,1096,1287,991,960,990,1122,964,962,981,984,986&#8243; img_size=&#8220;300&#215;300&#8243; onclick=&#8220;img_link_large&#8220; css_animation=&#8220;none&#8220; css=&#8220;.vc_custom_1745831478807{padding-left: 10% !important;}&#8220;][\/vc_column][\/vc_row]<\/p>\n","protected":false},"excerpt":{"rendered":"<p>[vc_row][vc_column][vc_gallery type=&#8220;image_grid&#8220; images=&#8220;1288,1289,1275,1274,1251,1254,992,945,947,1096,1287,991,960,990,1122,964,962,981,984,986&#8243; img_size=&#8220;300&#215;300&#8243; onclick=&#8220;img_link_large&#8220; css_animation=&#8220;none&#8220; css=&#8220;.vc_custom_1745831478807{padding-left: 10% !important;}&#8220;][\/vc_column][\/vc_row]<\/p>\n","protected":false},"author":1,"featured_media":0,"parent":0,"menu_order":0,"comment_status":"closed","ping_status":"closed","template":"","meta":{"footnotes":""},"class_list":["post-124","page","type-page","status-publish","hentry"],"yoast_head":"<!-- This site is optimized with the Yoast SEO plugin v27.3 - https:\/\/yoast.com\/product\/yoast-seo-wordpress\/ -->\n<title>Galerie - Auto\u0161kola Pilcov\u00e1<\/title>\n<meta name=\"robots\" content=\"index, follow, max-snippet:-1, max-image-preview:large, max-video-preview:-1\" \/>\n<link rel=\"canonical\" href=\"https:\/\/www.autoskola-petra.cz\/index.php\/galerie\/\" \/>\n<meta property=\"og:locale\" content=\"cs_CZ\" \/>\n<meta property=\"og:type\" content=\"article\" \/>\n<meta property=\"og:title\" content=\"Galerie - Auto\u0161kola Pilcov\u00e1\" \/>\n<meta property=\"og:description\" content=\"[vc_row][vc_column][vc_gallery type=&#8220;image_grid&#8220; images=&#8220;1288,1289,1275,1274,1251,1254,992,945,947,1096,1287,991,960,990,1122,964,962,981,984,986&#8243; img_size=&#8220;300&#215;300&#8243; onclick=&#8220;img_link_large&#8220; css_animation=&#8220;none&#8220; css=&#8220;.vc_custom_1745831478807{padding-left: 10% !important;}&#8220;][\/vc_column][\/vc_row]\" \/>\n<meta property=\"og:url\" content=\"https:\/\/www.autoskola-petra.cz\/index.php\/galerie\/\" \/>\n<meta property=\"og:site_name\" content=\"Auto\u0161kola Pilcov\u00e1\" \/>\n<meta property=\"article:publisher\" content=\"https:\/\/www.facebook.com\/autoskola.petra.pilcova\" \/>\n<meta property=\"article:modified_time\" content=\"2025-09-24T04:17:32+00:00\" \/>\n<meta name=\"twitter:card\" content=\"summary_large_image\" \/>\n<meta name=\"twitter:label1\" content=\"Odhadovan\u00e1 doba \u010dten\u00ed\" \/>\n\t<meta name=\"twitter:data1\" content=\"1 minuta\" \/>\n<script type=\"application\/ld+json\" class=\"yoast-schema-graph\">{\"@context\":\"https:\\\/\\\/schema.org\",\"@graph\":[{\"@type\":\"WebPage\",\"@id\":\"https:\\\/\\\/www.autoskola-petra.cz\\\/index.php\\\/galerie\\\/\",\"url\":\"https:\\\/\\\/www.autoskola-petra.cz\\\/index.php\\\/galerie\\\/\",\"name\":\"Galerie - Auto\u0161kola Pilcov\u00e1\",\"isPartOf\":{\"@id\":\"https:\\\/\\\/www.autoskola-petra.cz\\\/#website\"},\"datePublished\":\"2017-01-10T16:57:53+00:00\",\"dateModified\":\"2025-09-24T04:17:32+00:00\",\"breadcrumb\":{\"@id\":\"https:\\\/\\\/www.autoskola-petra.cz\\\/index.php\\\/galerie\\\/#breadcrumb\"},\"inLanguage\":\"cs\",\"potentialAction\":[{\"@type\":\"ReadAction\",\"target\":[\"https:\\\/\\\/www.autoskola-petra.cz\\\/index.php\\\/galerie\\\/\"]}]},{\"@type\":\"BreadcrumbList\",\"@id\":\"https:\\\/\\\/www.autoskola-petra.cz\\\/index.php\\\/galerie\\\/#breadcrumb\",\"itemListElement\":[{\"@type\":\"ListItem\",\"position\":1,\"name\":\"Dom\u016f\",\"item\":\"https:\\\/\\\/www.autoskola-petra.cz\\\/\"},{\"@type\":\"ListItem\",\"position\":2,\"name\":\"Galerie\"}]},{\"@type\":\"WebSite\",\"@id\":\"https:\\\/\\\/www.autoskola-petra.cz\\\/#website\",\"url\":\"https:\\\/\\\/www.autoskola-petra.cz\\\/\",\"name\":\"Auto\u0161kola Petra Pilcov\u00e1\",\"description\":\"auto\u0161kola s \u00fasm\u011bvem\",\"publisher\":{\"@id\":\"https:\\\/\\\/www.autoskola-petra.cz\\\/#organization\"},\"potentialAction\":[{\"@type\":\"SearchAction\",\"target\":{\"@type\":\"EntryPoint\",\"urlTemplate\":\"https:\\\/\\\/www.autoskola-petra.cz\\\/?s={search_term_string}\"},\"query-input\":{\"@type\":\"PropertyValueSpecification\",\"valueRequired\":true,\"valueName\":\"search_term_string\"}}],\"inLanguage\":\"cs\"},{\"@type\":\"Organization\",\"@id\":\"https:\\\/\\\/www.autoskola-petra.cz\\\/#organization\",\"name\":\"Auto\u0161kola Petra Pilcov\u00e1\",\"url\":\"https:\\\/\\\/www.autoskola-petra.cz\\\/\",\"logo\":{\"@type\":\"ImageObject\",\"inLanguage\":\"cs\",\"@id\":\"https:\\\/\\\/www.autoskola-petra.cz\\\/#\\\/schema\\\/logo\\\/image\\\/\",\"url\":\"https:\\\/\\\/www.autoskola-petra.cz\\\/wp-content\\\/uploads\\\/2022\\\/01\\\/272172466_480024636851059_3395595873616766619_n.png\",\"contentUrl\":\"https:\\\/\\\/www.autoskola-petra.cz\\\/wp-content\\\/uploads\\\/2022\\\/01\\\/272172466_480024636851059_3395595873616766619_n.png\",\"width\":1530,\"height\":374,\"caption\":\"Auto\u0161kola Petra Pilcov\u00e1\"},\"image\":{\"@id\":\"https:\\\/\\\/www.autoskola-petra.cz\\\/#\\\/schema\\\/logo\\\/image\\\/\"},\"sameAs\":[\"https:\\\/\\\/www.facebook.com\\\/autoskola.petra.pilcova\"]}]}<\/script>\n<!-- \/ Yoast SEO plugin. -->","yoast_head_json":{"title":"Galerie - Auto\u0161kola Pilcov\u00e1","robots":{"index":"index","follow":"follow","max-snippet":"max-snippet:-1","max-image-preview":"max-image-preview:large","max-video-preview":"max-video-preview:-1"},"canonical":"https:\/\/www.autoskola-petra.cz\/index.php\/galerie\/","og_locale":"cs_CZ","og_type":"article","og_title":"Galerie - Auto\u0161kola Pilcov\u00e1","og_description":"[vc_row][vc_column][vc_gallery type=&#8220;image_grid&#8220; images=&#8220;1288,1289,1275,1274,1251,1254,992,945,947,1096,1287,991,960,990,1122,964,962,981,984,986&#8243; img_size=&#8220;300&#215;300&#8243; onclick=&#8220;img_link_large&#8220; css_animation=&#8220;none&#8220; css=&#8220;.vc_custom_1745831478807{padding-left: 10% !important;}&#8220;][\/vc_column][\/vc_row]","og_url":"https:\/\/www.autoskola-petra.cz\/index.php\/galerie\/","og_site_name":"Auto\u0161kola Pilcov\u00e1","article_publisher":"https:\/\/www.facebook.com\/autoskola.petra.pilcova","article_modified_time":"2025-09-24T04:17:32+00:00","twitter_card":"summary_large_image","twitter_misc":{"Odhadovan\u00e1 doba \u010dten\u00ed":"1 minuta"},"schema":{"@context":"https:\/\/schema.org","@graph":[{"@type":"WebPage","@id":"https:\/\/www.autoskola-petra.cz\/index.php\/galerie\/","url":"https:\/\/www.autoskola-petra.cz\/index.php\/galerie\/","name":"Galerie - Auto\u0161kola Pilcov\u00e1","isPartOf":{"@id":"https:\/\/www.autoskola-petra.cz\/#website"},"datePublished":"2017-01-10T16:57:53+00:00","dateModified":"2025-09-24T04:17:32+00:00","breadcrumb":{"@id":"https:\/\/www.autoskola-petra.cz\/index.php\/galerie\/#breadcrumb"},"inLanguage":"cs","potentialAction":[{"@type":"ReadAction","target":["https:\/\/www.autoskola-petra.cz\/index.php\/galerie\/"]}]},{"@type":"BreadcrumbList","@id":"https:\/\/www.autoskola-petra.cz\/index.php\/galerie\/#breadcrumb","itemListElement":[{"@type":"ListItem","position":1,"name":"Dom\u016f","item":"https:\/\/www.autoskola-petra.cz\/"},{"@type":"ListItem","position":2,"name":"Galerie"}]},{"@type":"WebSite","@id":"https:\/\/www.autoskola-petra.cz\/#website","url":"https:\/\/www.autoskola-petra.cz\/","name":"Auto\u0161kola Petra Pilcov\u00e1","description":"auto\u0161kola s \u00fasm\u011bvem","publisher":{"@id":"https:\/\/www.autoskola-petra.cz\/#organization"},"potentialAction":[{"@type":"SearchAction","target":{"@type":"EntryPoint","urlTemplate":"https:\/\/www.autoskola-petra.cz\/?s={search_term_string}"},"query-input":{"@type":"PropertyValueSpecification","valueRequired":true,"valueName":"search_term_string"}}],"inLanguage":"cs"},{"@type":"Organization","@id":"https:\/\/www.autoskola-petra.cz\/#organization","name":"Auto\u0161kola Petra Pilcov\u00e1","url":"https:\/\/www.autoskola-petra.cz\/","logo":{"@type":"ImageObject","inLanguage":"cs","@id":"https:\/\/www.autoskola-petra.cz\/#\/schema\/logo\/image\/","url":"https:\/\/www.autoskola-petra.cz\/wp-content\/uploads\/2022\/01\/272172466_480024636851059_3395595873616766619_n.png","contentUrl":"https:\/\/www.autoskola-petra.cz\/wp-content\/uploads\/2022\/01\/272172466_480024636851059_3395595873616766619_n.png","width":1530,"height":374,"caption":"Auto\u0161kola Petra Pilcov\u00e1"},"image":{"@id":"https:\/\/www.autoskola-petra.cz\/#\/schema\/logo\/image\/"},"sameAs":["https:\/\/www.facebook.com\/autoskola.petra.pilcova"]}]}},"_links":{"self":[{"href":"https:\/\/www.autoskola-petra.cz\/index.php\/wp-json\/wp\/v2\/pages\/124","targetHints":{"allow":["GET"]}}],"collection":[{"href":"https:\/\/www.autoskola-petra.cz\/index.php\/wp-json\/wp\/v2\/pages"}],"about":[{"href":"https:\/\/www.autoskola-petra.cz\/index.php\/wp-json\/wp\/v2\/types\/page"}],"author":[{"embeddable":true,"href":"https:\/\/www.autoskola-petra.cz\/index.php\/wp-json\/wp\/v2\/users\/1"}],"replies":[{"embeddable":true,"href":"https:\/\/www.autoskola-petra.cz\/index.php\/wp-json\/wp\/v2\/comments?post=124"}],"version-history":[{"count":24,"href":"https:\/\/www.autoskola-petra.cz\/index.php\/wp-json\/wp\/v2\/pages\/124\/revisions"}],"predecessor-version":[{"id":1290,"href":"https:\/\/www.autoskola-petra.cz\/index.php\/wp-json\/wp\/v2\/pages\/124\/revisions\/1290"}],"wp:attachment":[{"href":"https:\/\/www.autoskola-petra.cz\/index.php\/wp-json\/wp\/v2\/media?parent=124"}],"curies":[{"name":"wp","href":"https:\/\/api.w.org\/{rel}","templated":true}]}}